{"id":328,"date":"2020-04-22T23:48:35","date_gmt":"2020-04-22T23:48:35","guid":{"rendered":"https:\/\/sidecsa.com\/?page_id=328"},"modified":"2020-08-04T16:25:31","modified_gmt":"2020-08-04T16:25:31","slug":"servicios","status":"publish","type":"page","link":"https:\/\/sidecsa.com.mx\/index.php\/servicios\/","title":{"rendered":"Servicios"},"content":{"rendered":"\t\t<div data-elementor-type=\"wp-page\" data-elementor-id=\"328\" class=\"elementor elementor-328\">\n\t\t\t\t\t\t<section class=\"elementor-section elementor-top-section elementor-element elementor-element-2316078d elementor-section-content-middle elementor-section-boxed elementor-section-height-default elementor-section-height-default\" data-id=\"2316078d\" data-element_type=\"section\">\n\t\t\t\t\t\t<div class=\"elementor-container elementor-column-gap-default\">\n\t\t\t\t\t<div class=\"elementor-column elementor-col-50 elementor-top-column elementor-element elementor-element-b817871\" data-id=\"b817871\" data-element_type=\"column\" data-settings=\"{&quot;background_background&quot;:&quot;classic&quot;}\">\n\t\t\t<div class=\"elementor-widget-wrap elementor-element-populated\">\n\t\t\t\t\t\t<div class=\"elementor-element elementor-element-76efccd0 elementor-widget elementor-widget-heading\" data-id=\"76efccd0\" data-element_type=\"widget\" data-widget_type=\"heading.default\">\n\t\t\t\t<div class=\"elementor-widget-container\">\n\t\t\t\t\t<h2 class=\"elementor-heading-title elementor-size-large\">Servicio Integral\n<\/h2>\t\t\t\t<\/div>\n\t\t\t\t<\/div>\n\t\t\t\t<div class=\"elementor-element elementor-element-12561984 elementor-widget elementor-widget-text-editor\" data-id=\"12561984\" data-element_type=\"widget\" data-widget_type=\"text-editor.default\">\n\t\t\t\t<div class=\"elementor-widget-container\">\n\t\t\t\t\t\t\t\t\t<p>SIDECSA, cuenta con 15 a\u00f1os de experiencia apoyando e impulsando a nuestros clientes en sus proyectos, asesorando, dise\u00f1ando, suministrando, instalando y brindando el mantenimiento en sistemas de prevenci\u00f3n, detecci\u00f3n y supresi\u00f3n de incendios, cubriendo las necesidades espec\u00edficas de cada cliente.<\/p>\t\t\t\t\t\t\t\t<\/div>\n\t\t\t\t<\/div>\n\t\t\t\t\t<\/div>\n\t\t<\/div>\n\t\t\t\t<div class=\"elementor-column elementor-col-50 elementor-top-column elementor-element elementor-element-4893c238\" data-id=\"4893c238\" data-element_type=\"column\">\n\t\t\t<div class=\"elementor-widget-wrap elementor-element-populated\">\n\t\t\t\t\t\t<div class=\"elementor-element elementor-element-6c8c3a40 elementor-position-left elementor-vertical-align-middle elementor-widget elementor-widget-image-box\" data-id=\"6c8c3a40\" data-element_type=\"widget\" data-widget_type=\"image-box.default\">\n\t\t\t\t<div class=\"elementor-widget-container\">\n\t\t\t\t\t<div class=\"elementor-image-box-wrapper\"><figure class=\"elementor-image-box-img\"><img decoding=\"async\" width=\"150\" height=\"150\" src=\"https:\/\/sidecsa.com.mx\/wp-content\/uploads\/2020\/03\/01_cocinas-150x150.jpg\" class=\"attachment-thumbnail size-thumbnail wp-image-253\" alt=\"\" \/><\/figure><div class=\"elementor-image-box-content\"><h3 class=\"elementor-image-box-title\">Sistemas de supresi\u00f3n en cocinas.<\/h3><p class=\"elementor-image-box-description\">Somos una empresa certificada y autorizada por las principales marcas del mercado, con amplia experiencia en su instalaci\u00f3n y mantenimiento, con presencia en centros comerciales de renombre en zona metropolitana e interior de la rep\u00fablica<\/p><\/div><\/div>\t\t\t\t<\/div>\n\t\t\t\t<\/div>\n\t\t\t\t<div class=\"elementor-element elementor-element-2effdf81 elementor-position-left elementor-vertical-align-middle elementor-widget elementor-widget-image-box\" data-id=\"2effdf81\" data-element_type=\"widget\" data-widget_type=\"image-box.default\">\n\t\t\t\t<div class=\"elementor-widget-container\">\n\t\t\t\t\t<div class=\"elementor-image-box-wrapper\"><figure class=\"elementor-image-box-img\"><img decoding=\"async\" width=\"150\" height=\"150\" src=\"https:\/\/sidecsa.com.mx\/wp-content\/uploads\/2020\/03\/02_Incendio-150x150.jpg\" class=\"attachment-thumbnail size-thumbnail wp-image-254\" alt=\"\" \/><\/figure><div class=\"elementor-image-box-content\"><h3 class=\"elementor-image-box-title\">Detecci\u00f3n de Incendio<\/h3><p class=\"elementor-image-box-description\">Contamos con personal calificado y certificado en las marcas l\u00edderes en la empresa, as\u00ed como gran experiencia en sistemas de diversos tama\u00f1os.<br>-Ingenier\u00eda de protecci\u00f3n de incendio basada en Normas Nacionales e Internacionales.<br>-Venta de componentes y sistemas de incendio.<br>-Mantenimiento de Sistemas.<br>-Revisi\u00f3n, valoraci\u00f3n y puesta en operaci\u00f3n de sistemas que ya se encuentran instalados.<\/p><\/div><\/div>\t\t\t\t<\/div>\n\t\t\t\t<\/div>\n\t\t\t\t<div class=\"elementor-element elementor-element-727c4baf elementor-position-left elementor-vertical-align-middle elementor-widget elementor-widget-image-box\" data-id=\"727c4baf\" data-element_type=\"widget\" data-widget_type=\"image-box.default\">\n\t\t\t\t<div class=\"elementor-widget-container\">\n\t\t\t\t\t<div class=\"elementor-image-box-wrapper\"><figure class=\"elementor-image-box-img\"><img decoding=\"async\" width=\"150\" height=\"150\" src=\"https:\/\/sidecsa.com.mx\/wp-content\/uploads\/2020\/03\/03_supre-150x150.jpg\" class=\"attachment-thumbnail size-thumbnail wp-image-255\" alt=\"\" \/><\/figure><div class=\"elementor-image-box-content\"><h3 class=\"elementor-image-box-title\">Sistemas de Supresi\u00f3n de Incendios<\/h3><p class=\"elementor-image-box-description\">Extinci\u00f3n de Incendio, sistemas de extinci\u00f3n con agua (hidrantes, rociadores, etc.),<br>-Ingenier\u00eda de protecci\u00f3n de incendio basada en Normas Nacionales e Internacionales.<br>-Venta de componentes y sistemas de incendio.<br>-Mantenimiento de Sistemas. <br>-Revisi\u00f3n, valoraci\u00f3n y puesta en operaci\u00f3n de sistemas que ya se encuentran instalados.<\/p><\/div><\/div>\t\t\t\t<\/div>\n\t\t\t\t<\/div>\n\t\t\t\t<div class=\"elementor-element elementor-element-4514569 elementor-position-left elementor-vertical-align-middle elementor-widget elementor-widget-image-box\" data-id=\"4514569\" data-element_type=\"widget\" data-widget_type=\"image-box.default\">\n\t\t\t\t<div class=\"elementor-widget-container\">\n\t\t\t\t\t<div class=\"elementor-image-box-wrapper\"><figure class=\"elementor-image-box-img\"><img loading=\"lazy\" decoding=\"async\" width=\"150\" height=\"150\" src=\"https:\/\/sidecsa.com.mx\/wp-content\/uploads\/2020\/03\/04_limpios-150x150.jpg\" class=\"attachment-thumbnail size-thumbnail wp-image-256\" alt=\"\" \/><\/figure><div class=\"elementor-image-box-content\"><h3 class=\"elementor-image-box-title\">Sistema contra incendios a base de agentes limpios<\/h3><p class=\"elementor-image-box-description\">Para \u00e1reas que contengan informaci\u00f3n, documentaci\u00f3n y\/o equipo electr\u00f3nico de gran valor.\nContamos con la experiencia en sistema de extinci\u00f3n con gases (FM200, NOVEC, etc.) <br>-Ingenier\u00eda de protecci\u00f3n de incendio basada en Normas Nacionales e Internacionales.<br>-Venta de componentes y sistemas de incendio. <br>-Mantenimiento de Sistemas. <br>-Revisi\u00f3n, valoraci\u00f3n y puesta en operaci\u00f3n de sistemas que ya se encuentran instalados. <\/p><\/div><\/div>\t\t\t\t<\/div>\n\t\t\t\t<\/div>\n\t\t\t\t<div class=\"elementor-element elementor-element-3410251 elementor-position-left elementor-vertical-align-middle elementor-widget elementor-widget-image-box\" data-id=\"3410251\" data-element_type=\"widget\" data-widget_type=\"image-box.default\">\n\t\t\t\t<div class=\"elementor-widget-container\">\n\t\t\t\t\t<div class=\"elementor-image-box-wrapper\"><figure class=\"elementor-image-box-img\"><img loading=\"lazy\" decoding=\"async\" width=\"150\" height=\"150\" src=\"https:\/\/sidecsa.com.mx\/wp-content\/uploads\/2020\/03\/05_extintores-150x150.jpg\" class=\"attachment-thumbnail size-thumbnail wp-image-257\" alt=\"\" \/><\/figure><div class=\"elementor-image-box-content\"><h3 class=\"elementor-image-box-title\">Extintores<\/h3><p class=\"elementor-image-box-description\">Contamos con taller certificado bajo la NOM-154-SCFI-2005 dictamen No.  TC1275.<br>\n-Dise\u00f1o de cobertura, capacidad y tipo de agente extintor basado en Normas.<br>-Venta de extintores nacionales e importados.<br>-Mantenimiento de extintores nacionales e importados.<br>-Pruebas hidrost\u00e1ticas.<\/p><\/div><\/div>\t\t\t\t<\/div>\n\t\t\t\t<\/div>\n\t\t\t\t<div class=\"elementor-element elementor-element-ccaf872 elementor-position-left elementor-vertical-align-middle elementor-widget elementor-widget-image-box\" data-id=\"ccaf872\" data-element_type=\"widget\" data-widget_type=\"image-box.default\">\n\t\t\t\t<div class=\"elementor-widget-container\">\n\t\t\t\t\t<div class=\"elementor-image-box-wrapper\"><figure class=\"elementor-image-box-img\"><img loading=\"lazy\" decoding=\"async\" width=\"150\" height=\"150\" src=\"https:\/\/sidecsa.com.mx\/wp-content\/uploads\/2020\/03\/06_equipos-150x150.jpg\" class=\"attachment-thumbnail size-thumbnail wp-image-258\" alt=\"\" \/><\/figure><div class=\"elementor-image-box-content\"><h3 class=\"elementor-image-box-title\">Venta de equipos<\/h3><p class=\"elementor-image-box-description\">-Gabinetes para manguera y extintores.<br>-Se\u00f1alamientos, protecci\u00f3n civil, contra incendio, restrictivas, informativas, precautorias.<br>-Botiquines en lamina y tipo mochila.<br>-Equipos de identificaci\u00f3n de brigadas, chalecos, silbatos, meg\u00e1fonos brazaletes.\n<\/p><\/div><\/div>\t\t\t\t<\/div>\n\t\t\t\t<\/div>\n\t\t\t\t\t<\/div>\n\t\t<\/div>\n\t\t\t\t\t<\/div>\n\t\t<\/section>\n\t\t\t\t<\/div>\n\t\t","protected":false},"excerpt":{"rendered":"<p>Servicio Integral SIDECSA, cuenta con 15 a\u00f1os de experiencia apoyando e impulsando a nuestros clientes en sus proyectos, asesorando, dise\u00f1ando, suministrando, instalando y brindando el mantenimiento en sistemas de prevenci\u00f3n, detecci\u00f3n y supresi\u00f3n de incendios, cubriendo las necesidades espec\u00edficas de cada cliente. Sistemas de supresi\u00f3n en cocinas. Somos una empresa&#8230;<\/p>\n<p> <a class=\"continue-reading-link\" href=\"https:\/\/sidecsa.com.mx\/index.php\/servicios\/\"><span>Continue reading<\/span><i class=\"crycon-right-dir\"><\/i><\/a> <\/p>\n","protected":false},"author":1,"featured_media":0,"parent":0,"menu_order":0,"comment_status":"closed","ping_status":"closed","template":"","meta":{"_joinchat":[],"footnotes":""},"class_list":["post-328","page","type-page","status-publish","hentry"],"_links":{"self":[{"href":"https:\/\/sidecsa.com.mx\/index.php\/wp-json\/wp\/v2\/pages\/328","targetHints":{"allow":["GET"]}}],"collection":[{"href":"https:\/\/sidecsa.com.mx\/index.php\/wp-json\/wp\/v2\/pages"}],"about":[{"href":"https:\/\/sidecsa.com.mx\/index.php\/wp-json\/wp\/v2\/types\/page"}],"author":[{"embeddable":true,"href":"https:\/\/sidecsa.com.mx\/index.php\/wp-json\/wp\/v2\/users\/1"}],"replies":[{"embeddable":true,"href":"https:\/\/sidecsa.com.mx\/index.php\/wp-json\/wp\/v2\/comments?post=328"}],"version-history":[{"count":24,"href":"https:\/\/sidecsa.com.mx\/index.php\/wp-json\/wp\/v2\/pages\/328\/revisions"}],"predecessor-version":[{"id":376,"href":"https:\/\/sidecsa.com.mx\/index.php\/wp-json\/wp\/v2\/pages\/328\/revisions\/376"}],"wp:attachment":[{"href":"https:\/\/sidecsa.com.mx\/index.php\/wp-json\/wp\/v2\/media?parent=328"}],"curies":[{"name":"wp","href":"https:\/\/api.w.org\/{rel}","templated":true}]}}